{"id":8454,"date":"2023-03-21T14:19:02","date_gmt":"2023-03-21T14:19:02","guid":{"rendered":"https:\/\/uimt.org.tr\/?page_id=8454"},"modified":"2023-04-12T21:54:30","modified_gmt":"2023-04-12T21:54:30","slug":"contact","status":"publish","type":"page","link":"https:\/\/uimt.org.tr\/en\/contact\/","title":{"rendered":"Contact"},"content":{"rendered":"<section class=\"l-section wpb_row us_custom_c70c97eb height_medium\"><div class=\"l-section-h i-cf\"><div class=\"g-cols vc_row via_grid cols_1 laptops-cols_inherit tablets-cols_inherit mobiles-cols_1 valign_middle type_default stacking_default\"><div class=\"wpb_column vc_column_container\"><div class=\"vc_column-inner\"><div class=\"wpb_text_column us_custom_9de87d4e\"><div class=\"wpb_wrapper\"><h3 style=\"text-align: center;\">U-IMT Project \u2013\u00a0Strengthening Intermodal Transport Services in Turkish Railway Sector Project<\/h3>\n<\/div><\/div><div class=\"w-separator size_small\"><\/div><div class=\"w-vwrapper align_center valign_middle\"><div class=\"w-text us_custom_f8bca413 has_text_color\"><span class=\"w-text-h\"><span class=\"w-text-value\">Platin Tower Adres: S\u00f6\u011f\u00fct\u00f6z\u00fc, 2176. Sk. Platin Tower, No:61, 06530 \u00c7ankaya\/Ankara<\/span><\/span><\/div><div class=\"w-text us_custom_f8bca413 has_text_color\"><a href=\"mailto:info@uimt.org.tr\" class=\"w-text-h\"><span class=\"w-text-value\">info@uimt.org.tr<\/span><\/a><\/div><div class=\"w-text us_custom_f8bca413 has_text_color\"><a href=\"tel:+90 312 285 57 75\" class=\"w-text-h\"><span class=\"w-text-value\">+90 312 285 57 75<\/span><\/a><\/div><\/div><div class=\"w-separator size_medium\"><\/div><div class=\"w-socials us_custom_eb4f91fa has_text_color color_text shape_none\" style=\"--gap:0.6em;\"><div class=\"w-socials-list\"><div class=\"w-socials-item facebook\"><a class=\"w-socials-item-link\" href=\"#\" target=\"_blank\" rel=\"noopener nofollow\" title=\"Facebook\" aria-label=\"Facebook\"><span class=\"w-socials-item-link-hover\"><\/span><i class=\"fab fa-facebook\"><\/i><\/a><div class=\"w-socials-item-popup\"><span>Facebook<\/span><\/div><\/div><div class=\"w-socials-item instagram\"><a class=\"w-socials-item-link\" href=\"#\" target=\"_blank\" rel=\"noopener nofollow\" title=\"Instagram\" aria-label=\"Instagram\"><span class=\"w-socials-item-link-hover\"><\/span><i class=\"fab fa-instagram\"><\/i><\/a><div class=\"w-socials-item-popup\"><span>Instagram<\/span><\/div><\/div><div class=\"w-socials-item linkedin\"><a class=\"w-socials-item-link\" href=\"#\" target=\"_blank\" rel=\"noopener nofollow\" title=\"LinkedIn\" aria-label=\"LinkedIn\"><span class=\"w-socials-item-link-hover\"><\/span><i class=\"fab fa-linkedin\"><\/i><\/a><div class=\"w-socials-item-popup\"><span>LinkedIn<\/span><\/div><\/div><div class=\"w-socials-item twitter\"><a class=\"w-socials-item-link\" href=\"#\" target=\"_blank\" rel=\"noopener nofollow\" title=\"Twitter\" aria-label=\"Twitter\"><span class=\"w-socials-item-link-hover\"><\/span><i class=\"fab fa-twitter\"><\/i><\/a><div class=\"w-socials-item-popup\"><span>Twitter<\/span><\/div><\/div><\/div><\/div><\/div><\/div><\/div><\/div><\/section>\n","protected":false},"excerpt":{"rendered":"U-IMT Project \u2013\u00a0Strengthening Intermodal Transport Services in Turkish Railway Sector Project Platin Tower Adres: S\u00f6\u011f\u00fct\u00f6z\u00fc, 2176. Sk. Platin Tower, No:61, 06530 \u00c7ankaya\/Ankarainfo@uimt.org.tr+90 312 285 57 75FacebookInstagramLinkedInTwitter","protected":false},"author":2,"featured_media":0,"parent":0,"menu_order":0,"comment_status":"closed","ping_status":"closed","template":"","meta":[],"_links":{"self":[{"href":"https:\/\/uimt.org.tr\/en\/wp-json\/wp\/v2\/pages\/8454"}],"collection":[{"href":"https:\/\/uimt.org.tr\/en\/wp-json\/wp\/v2\/pages"}],"about":[{"href":"https:\/\/uimt.org.tr\/en\/wp-json\/wp\/v2\/types\/page"}],"author":[{"embeddable":true,"href":"https:\/\/uimt.org.tr\/en\/wp-json\/wp\/v2\/users\/2"}],"replies":[{"embeddable":true,"href":"https:\/\/uimt.org.tr\/en\/wp-json\/wp\/v2\/comments?post=8454"}],"version-history":[{"count":3,"href":"https:\/\/uimt.org.tr\/en\/wp-json\/wp\/v2\/pages\/8454\/revisions"}],"predecessor-version":[{"id":8529,"href":"https:\/\/uimt.org.tr\/en\/wp-json\/wp\/v2\/pages\/8454\/revisions\/8529"}],"wp:attachment":[{"href":"https:\/\/uimt.org.tr\/en\/wp-json\/wp\/v2\/media?parent=8454"}],"curies":[{"name":"wp","href":"https:\/\/api.w.org\/{rel}","templated":true}]}}